{"id":853,"date":"2020-06-15T14:07:50","date_gmt":"2020-06-15T14:07:50","guid":{"rendered":"http:\/\/interkulturelle-paarberatung.koeln\/?page_id=853"},"modified":"2023-02-05T08:31:53","modified_gmt":"2023-02-05T08:31:53","slug":"workshops","status":"publish","type":"page","link":"http:\/\/interkulturelle-paarberatung.koeln\/de\/workshops\/","title":{"rendered":"Workshops"},"content":{"rendered":"\t\t<div data-elementor-type=\"wp-page\" data-elementor-id=\"853\" class=\"elementor elementor-853\">\n\t\t\t\t\t\t<section class=\"elementor-section elementor-top-section elementor-element elementor-element-89682f8 elementor-section-boxed elementor-section-height-default elementor-section-height-default\" data-id=\"89682f8\" data-element_type=\"section\" data-settings=\"{&quot;background_background&quot;:&quot;classic&quot;}\">\n\t\t\t\t\t\t<div class=\"elementor-container elementor-column-gap-default\">\n\t\t\t\t\t<div class=\"elementor-column elementor-col-100 elementor-top-column elementor-element elementor-element-6259955\" data-id=\"6259955\" data-element_type=\"column\">\n\t\t\t<div class=\"elementor-widget-wrap elementor-element-populated\">\n\t\t\t\t\t\t<div class=\"elementor-element elementor-element-9728a0f elementor-widget elementor-widget-heading\" data-id=\"9728a0f\" data-element_type=\"widget\" data-widget_type=\"heading.default\">\n\t\t\t\t<div class=\"elementor-widget-container\">\n\t\t\t\t\t<h2 class=\"elementor-heading-title elementor-size-default\">Interkultureller Paarworkshop<\/h2>\t\t\t\t<\/div>\n\t\t\t\t<\/div>\n\t\t\t\t<div class=\"elementor-element elementor-element-e307d61 elementor-widget elementor-widget-text-editor\" data-id=\"e307d61\" data-element_type=\"widget\" data-widget_type=\"text-editor.default\">\n\t\t\t\t<div class=\"elementor-widget-container\">\n\t\t\t\t\t\t\t\t\t<div class=\"elementor-element elementor-element-43f2299 elementor-widget elementor-widget-text-editor\" data-id=\"43f2299\" data-element_type=\"widget\" data-widget_type=\"text-editor.default\">\n<div class=\"elementor-widget-container\">\n<div class=\"elementor-text-editor elementor-clearfix\">\n<div id=\"cc-m-11532877693\" class=\"j-module n j-text \">\n<p><strong>Ein gute Kommunikation ist das A und 0 einer gelungenen Beziehung<\/strong><\/p>\n<p>Die Teilnahme am Workshop gibt&nbsp;Ihnen als Paar Zeit &amp; Anlass, miteinander ins Gespr\u00e4ch zu kommen. Sie sch\u00e4rfen ihre Aufmerksamkeit&nbsp; F\u00fcreinander, trainieren die Kunst des Zuh\u00f6rens und lassen sich auf einen Perspektivwechsel ein. Und: Durch moderierte Paar-\u00dcbungen wird ein anderer Blickwinkel auf die Beziehung m\u00f6glich. Dabei erfahren&nbsp;Sie mehr \u00fcber den Einfluss Ihrer eigenen Haltung und&nbsp;Ihres Verhaltens auf die Qualit\u00e4t der Beziehung.&nbsp;Ihre Privatsph\u00e4re als Paar bleibt nat\u00fcrlich gesch\u00fctzt. Der Workshop ist abh\u00e4ngig von der Gruppenzusammensetzung mehrsprachig m\u00f6glich: Deutsch und Englisch.<\/p>\n\n<\/div>\n<\/div>\n<\/div>\n<\/div>\t\t\t\t\t\t\t\t<\/div>\n\t\t\t\t<\/div>\n\t\t\t\t\t<\/div>\n\t\t<\/div>\n\t\t\t\t\t<\/div>\n\t\t<\/section>\n\t\t\t\t<section class=\"elementor-section elementor-top-section elementor-element elementor-element-7938093 elementor-section-height-min-height elementor-section-content-middle elementor-section-boxed elementor-section-height-default elementor-section-items-middle\" data-id=\"7938093\" data-element_type=\"section\" data-settings=\"{&quot;background_background&quot;:&quot;classic&quot;}\">\n\t\t\t\t\t\t\t<div class=\"elementor-background-overlay\"><\/div>\n\t\t\t\t\t\t\t<div class=\"elementor-container elementor-column-gap-default\">\n\t\t\t\t\t<div class=\"elementor-column elementor-col-100 elementor-top-column elementor-element elementor-element-43f5d97\" data-id=\"43f5d97\" data-element_type=\"column\">\n\t\t\t<div class=\"elementor-widget-wrap\">\n\t\t\t\t\t\t\t<\/div>\n\t\t<\/div>\n\t\t\t\t\t<\/div>\n\t\t<\/section>\n\t\t\t\t<section class=\"elementor-section elementor-top-section elementor-element elementor-element-d382f4a elementor-section-boxed elementor-section-height-default elementor-section-height-default\" data-id=\"d382f4a\" data-element_type=\"section\" data-settings=\"{&quot;background_background&quot;:&quot;classic&quot;}\">\n\t\t\t\t\t\t<div class=\"elementor-container elementor-column-gap-default\">\n\t\t\t\t\t<div class=\"elementor-column elementor-col-100 elementor-top-column elementor-element elementor-element-0318c1e\" data-id=\"0318c1e\" data-element_type=\"column\">\n\t\t\t<div class=\"elementor-widget-wrap elementor-element-populated\">\n\t\t\t\t\t\t<div class=\"elementor-element elementor-element-8de51ae elementor-widget elementor-widget-heading\" data-id=\"8de51ae\" data-element_type=\"widget\" data-widget_type=\"heading.default\">\n\t\t\t\t<div class=\"elementor-widget-container\">\n\t\t\t\t\t<h2 class=\"elementor-heading-title elementor-size-default\">Erfahrungsberichte:<\/h2>\t\t\t\t<\/div>\n\t\t\t\t<\/div>\n\t\t\t\t<div class=\"elementor-element elementor-element-b12ee37 elementor-widget elementor-widget-text-editor\" data-id=\"b12ee37\" data-element_type=\"widget\" data-widget_type=\"text-editor.default\">\n\t\t\t\t<div class=\"elementor-widget-container\">\n\t\t\t\t\t\t\t\t\t<p><span style=\"color: #707070;\">&#8222;Der Workshop war sehr gut,\u00a0da wir uns als Paar auf einer v\u00f6llig anderen Ebene begegnen konnten und so &#8222;neue&#8220; Dinge bewusst geworden sind und wir neue Perspektiven auf uns gewinnen konnten.&#8220; (Juni 2019)\u00a0<em>Deutscher (43 J.) Partnerin aus Kanada<\/em><\/span><\/p><p>\u00a0<\/p><p><span style=\"color: #707070;\">\u00a0&#8222;Ein \u00fcbungsreiches Seminar,\u00a0welches das Herz ber\u00fchrt und den Partner in einem neuen Blickwinkel erscheinen l\u00e4sst. Ich nehme einiges an Impulsen f\u00fcr den Alltag mit. Danke!&#8220; (Juni 2019)\u00a0<em>Deutsche (34 J.), Partner aus Iran.<\/em><\/span><\/p><p>\u00a0<\/p><p><span style=\"color: #707070;\">\u00a0&#8222;Intensiver \u2013 spannender Paar-Workshop.\u00a0\u00dcberrascht wie viel wir an praktischen \u00dcbungen\/Methoden in kurzer Zeit f\u00fcr uns mitnehmen konnten. Unterschiedliche Methoden, auch aus der K\u00f6rperarbeit, die mir sehr gut gefallen haben. Neue Erkenntnisse mitgenommen, die meinen Blick auf mich und meine Beziehung in dem Moment die Augen ge\u00f6ffnet haben.&#8220; (Oktober 2018)\u00a0<em>Deutsche,\u00a0norwegischer\u00a0Partner (beide ca. 30 J.)<\/em><\/span><\/p><p>\u00a0<\/p><p><span style=\"color: #707070;\">\u00a0&#8222;Ein toller interkultureller Paar-Workshop in K\u00f6ln.\u00a0Wir sind sehr froh, an diesem Workshop teilgenommen zu haben und haben uns hier teilweise wiederentdeckt und neue wertvolle Ideen zum Umgang in einer Beziehung erhalten. Angenehme Workshopleiterin mit viel Erfahrung und gro\u00dfer Herzlichkeit und Einf\u00fchlungsverm\u00f6gen.&#8220; (Mai 2018)\u00a0<\/span><em style=\"color: #707070; font-size: 16px;\">Italienerin, deutscher Ehemann\u00a0(beide ca. 40 J.)<\/em><\/p>\t\t\t\t\t\t\t\t<\/div>\n\t\t\t\t<\/div>\n\t\t\t\t\t<\/div>\n\t\t<\/div>\n\t\t\t\t\t<\/div>\n\t\t<\/section>\n\t\t\t\t<section class=\"elementor-section elementor-top-section elementor-element elementor-element-53d2a6e0 elementor-section-height-min-height elementor-section-content-middle elementor-section-boxed elementor-section-height-default elementor-section-items-middle\" data-id=\"53d2a6e0\" data-element_type=\"section\" data-settings=\"{&quot;background_background&quot;:&quot;gradient&quot;}\">\n\t\t\t\t\t\t\t<div class=\"elementor-background-overlay\"><\/div>\n\t\t\t\t\t\t\t<div class=\"elementor-container elementor-column-gap-default\">\n\t\t\t\t\t<div class=\"elementor-column elementor-col-100 elementor-top-column elementor-element elementor-element-276a48a0\" data-id=\"276a48a0\" data-element_type=\"column\">\n\t\t\t<div class=\"elementor-widget-wrap elementor-element-populated\">\n\t\t\t\t\t\t<div class=\"elementor-element elementor-element-1172a69e elementor-widget elementor-widget-heading\" data-id=\"1172a69e\" data-element_type=\"widget\" data-widget_type=\"heading.default\">\n\t\t\t\t<div class=\"elementor-widget-container\">\n\t\t\t\t\t<h2 class=\"elementor-heading-title elementor-size-default\">Workshops:<\/h2>\t\t\t\t<\/div>\n\t\t\t\t<\/div>\n\t\t\t\t\t<\/div>\n\t\t<\/div>\n\t\t\t\t\t<\/div>\n\t\t<\/section>\n\t\t\t\t<section class=\"elementor-section elementor-top-section elementor-element elementor-element-9952350 elementor-section-boxed elementor-section-height-default elementor-section-height-default\" data-id=\"9952350\" data-element_type=\"section\" data-settings=\"{&quot;background_background&quot;:&quot;gradient&quot;}\">\n\t\t\t\t\t\t<div class=\"elementor-container elementor-column-gap-default\">\n\t\t\t\t\t<div class=\"elementor-column elementor-col-50 elementor-top-column elementor-element elementor-element-7a9f7ee\" data-id=\"7a9f7ee\" data-element_type=\"column\">\n\t\t\t<div class=\"elementor-widget-wrap elementor-element-populated\">\n\t\t\t\t\t\t<div class=\"elementor-element elementor-element-c8a9ca5 elementor-widget elementor-widget-heading\" data-id=\"c8a9ca5\" data-element_type=\"widget\" data-widget_type=\"heading.default\">\n\t\t\t\t<div class=\"elementor-widget-container\">\n\t\t\t\t\t<h3 class=\"elementor-heading-title elementor-size-default\">paar-workshop<\/h3>\t\t\t\t<\/div>\n\t\t\t\t<\/div>\n\t\t\t\t<div class=\"elementor-element elementor-element-c00a001 elementor-widget elementor-widget-text-editor\" data-id=\"c00a001\" data-element_type=\"widget\" data-widget_type=\"text-editor.default\">\n\t\t\t\t<div class=\"elementor-widget-container\">\n\t\t\t\t\t\t\t\t\t<p><strong>Derzeit ist kein Workshop in Planung.<br><\/strong><\/p>\t\t\t\t\t\t\t\t<\/div>\n\t\t\t\t<\/div>\n\t\t\t\t\t<\/div>\n\t\t<\/div>\n\t\t\t\t<div class=\"elementor-column elementor-col-50 elementor-top-column elementor-element elementor-element-c4ef2e5\" data-id=\"c4ef2e5\" data-element_type=\"column\">\n\t\t\t<div class=\"elementor-widget-wrap elementor-element-populated\">\n\t\t\t\t\t\t<div class=\"elementor-element elementor-element-a5c5ba2 elementor-widget elementor-widget-image\" data-id=\"a5c5ba2\" data-element_type=\"widget\" data-widget_type=\"image.default\">\n\t\t\t\t<div class=\"elementor-widget-container\">\n\t\t\t\t\t\t\t\t\t\t\t\t\t\t\t<img fetchpriority=\"high\" decoding=\"async\" width=\"1024\" height=\"683\" src=\"https:\/\/interkulturelle-paarberatung.koeln\/wp-content\/uploads\/2020\/06\/caterina-beleffi-QIKqBH8qcnY-unsplash-1024x683.jpg\" class=\"attachment-large size-large wp-image-395\" alt=\"\" srcset=\"https:\/\/interkulturelle-paarberatung.koeln\/wp-content\/uploads\/2020\/06\/caterina-beleffi-QIKqBH8qcnY-unsplash-1024x683.jpg 1024w, https:\/\/interkulturelle-paarberatung.koeln\/wp-content\/uploads\/2020\/06\/caterina-beleffi-QIKqBH8qcnY-unsplash-300x200.jpg 300w, https:\/\/interkulturelle-paarberatung.koeln\/wp-content\/uploads\/2020\/06\/caterina-beleffi-QIKqBH8qcnY-unsplash-768x512.jpg 768w, https:\/\/interkulturelle-paarberatung.koeln\/wp-content\/uploads\/2020\/06\/caterina-beleffi-QIKqBH8qcnY-unsplash-1536x1024.jpg 1536w, https:\/\/interkulturelle-paarberatung.koeln\/wp-content\/uploads\/2020\/06\/caterina-beleffi-QIKqBH8qcnY-unsplash-2048x1365.jpg 2048w\" sizes=\"(max-width: 1024px) 100vw, 1024px\" \/>\t\t\t\t\t\t\t\t\t\t\t\t\t\t\t<\/div>\n\t\t\t\t<\/div>\n\t\t\t\t\t<\/div>\n\t\t<\/div>\n\t\t\t\t\t<\/div>\n\t\t<\/section>\n\t\t\t\t<section class=\"elementor-section elementor-top-section elementor-element elementor-element-5e5f421 elementor-section-boxed elementor-section-height-default elementor-section-height-default\" data-id=\"5e5f421\" data-element_type=\"section\" data-settings=\"{&quot;background_background&quot;:&quot;classic&quot;}\">\n\t\t\t\t\t\t<div class=\"elementor-container elementor-column-gap-default\">\n\t\t\t\t\t<div class=\"elementor-column elementor-col-100 elementor-top-column elementor-element elementor-element-94df722\" data-id=\"94df722\" data-element_type=\"column\">\n\t\t\t<div class=\"elementor-widget-wrap elementor-element-populated\">\n\t\t\t\t\t\t<div class=\"elementor-element elementor-element-526ab35 elementor-widget elementor-widget-spacer\" data-id=\"526ab35\" data-element_type=\"widget\" data-widget_type=\"spacer.default\">\n\t\t\t\t<div class=\"elementor-widget-container\">\n\t\t\t\t\t\t\t<div class=\"elementor-spacer\">\n\t\t\t<div class=\"elementor-spacer-inner\"><\/div>\n\t\t<\/div>\n\t\t\t\t\t\t<\/div>\n\t\t\t\t<\/div>\n\t\t\t\t\t<\/div>\n\t\t<\/div>\n\t\t\t\t\t<\/div>\n\t\t<\/section>\n\t\t\t\t<section class=\"elementor-section elementor-top-section elementor-element elementor-element-084107d elementor-section-height-min-height elementor-section-content-middle elementor-section-boxed elementor-section-height-default elementor-section-items-middle\" data-id=\"084107d\" data-element_type=\"section\" data-settings=\"{&quot;background_background&quot;:&quot;classic&quot;}\">\n\t\t\t\t\t\t\t<div class=\"elementor-background-overlay\"><\/div>\n\t\t\t\t\t\t\t<div class=\"elementor-container elementor-column-gap-default\">\n\t\t\t\t\t<div class=\"elementor-column elementor-col-100 elementor-top-column elementor-element elementor-element-efed55c\" data-id=\"efed55c\" data-element_type=\"column\">\n\t\t\t<div class=\"elementor-widget-wrap elementor-element-populated\">\n\t\t\t\t\t\t<div class=\"elementor-element elementor-element-3dc66a0 elementor-widget elementor-widget-heading\" data-id=\"3dc66a0\" data-element_type=\"widget\" data-widget_type=\"heading.default\">\n\t\t\t\t<div class=\"elementor-widget-container\">\n\t\t\t\t\t<h5 class=\"elementor-heading-title elementor-size-default\">kontakt<\/h5>\t\t\t\t<\/div>\n\t\t\t\t<\/div>\n\t\t\t\t<div class=\"elementor-element elementor-element-f189167 elementor-widget-divider--view-line elementor-widget elementor-widget-divider\" data-id=\"f189167\" data-element_type=\"widget\" data-widget_type=\"divider.default\">\n\t\t\t\t<div class=\"elementor-widget-container\">\n\t\t\t\t\t\t\t<div class=\"elementor-divider\">\n\t\t\t<span class=\"elementor-divider-separator\">\n\t\t\t\t\t\t<\/span>\n\t\t<\/div>\n\t\t\t\t\t\t<\/div>\n\t\t\t\t<\/div>\n\t\t\t\t<div class=\"elementor-element elementor-element-b3ab468 elementor-widget elementor-widget-heading\" data-id=\"b3ab468\" data-element_type=\"widget\" data-widget_type=\"heading.default\">\n\t\t\t\t<div class=\"elementor-widget-container\">\n\t\t\t\t\t<h2 class=\"elementor-heading-title elementor-size-default\">Anmeldung<\/h2>\t\t\t\t<\/div>\n\t\t\t\t<\/div>\n\t\t\t\t<div class=\"elementor-element elementor-element-e9a15ba elementor-widget elementor-widget-text-editor\" data-id=\"e9a15ba\" data-element_type=\"widget\" data-widget_type=\"text-editor.default\">\n\t\t\t\t<div class=\"elementor-widget-container\">\n\t\t\t\t\t\t\t\t\t<p style=\"text-align: center;\">Wenn Sie sich f\u00fcr den n\u00e4chsten Workshop interessieren, setzen Sie sich mit mir in Verbindung<\/p>\t\t\t\t\t\t\t\t<\/div>\n\t\t\t\t<\/div>\n\t\t\t\t<div class=\"elementor-element elementor-element-fafd4ea elementor-align-center elementor-widget elementor-widget-button\" data-id=\"fafd4ea\" data-element_type=\"widget\" data-widget_type=\"button.default\">\n\t\t\t\t<div class=\"elementor-widget-container\">\n\t\t\t\t\t\t\t\t\t<div class=\"elementor-button-wrapper\">\n\t\t\t\t\t<a class=\"elementor-button elementor-button-link elementor-size-sm elementor-animation-grow\" href=\"http:\/\/interkulturelle-paarberatung.koeln\/kosten-kontakt\/\">\n\t\t\t\t\t\t<span class=\"elementor-button-content-wrapper\">\n\t\t\t\t\t\t<span class=\"elementor-button-icon\">\n\t\t\t\t<svg aria-hidden=\"true\" class=\"e-font-icon-svg e-fas-arrow-right\" viewBox=\"0 0 448 512\" xmlns=\"http:\/\/www.w3.org\/2000\/svg\"><path d=\"M190.5 66.9l22.2-22.2c9.4-9.4 24.6-9.4 33.9 0L441 239c9.4 9.4 9.4 24.6 0 33.9L246.6 467.3c-9.4 9.4-24.6 9.4-33.9 0l-22.2-22.2c-9.5-9.5-9.3-25 .4-34.3L311.4 296H24c-13.3 0-24-10.7-24-24v-32c0-13.3 10.7-24 24-24h287.4L190.9 101.2c-9.8-9.3-10-24.8-.4-34.3z\"><\/path><\/svg>\t\t\t<\/span>\n\t\t\t\t\t\t\t\t\t<span class=\"elementor-button-text\">fragen oder termin vereinbaren<\/span>\n\t\t\t\t\t<\/span>\n\t\t\t\t\t<\/a>\n\t\t\t\t<\/div>\n\t\t\t\t\t\t\t\t<\/div>\n\t\t\t\t<\/div>\n\t\t\t\t\t<\/div>\n\t\t<\/div>\n\t\t\t\t\t<\/div>\n\t\t<\/section>\n\t\t\t\t<section class=\"elementor-section elementor-top-section elementor-element elementor-element-69e4f09 elementor-section-boxed elementor-section-height-default elementor-section-height-default\" data-id=\"69e4f09\" data-element_type=\"section\" data-settings=\"{&quot;background_background&quot;:&quot;gradient&quot;,&quot;shape_divider_bottom&quot;:&quot;waves&quot;}\">\n\t\t\t\t\t<div class=\"elementor-shape elementor-shape-bottom\" aria-hidden=\"true\" data-negative=\"false\">\n\t\t\t<svg xmlns=\"http:\/\/www.w3.org\/2000\/svg\" viewBox=\"0 0 1000 100\" preserveAspectRatio=\"none\">\n\t<path class=\"elementor-shape-fill\" d=\"M421.9,6.5c22.6-2.5,51.5,0.4,75.5,5.3c23.6,4.9,70.9,23.5,100.5,35.7c75.8,32.2,133.7,44.5,192.6,49.7\n\tc23.6,2.1,48.7,3.5,103.4-2.5c54.7-6,106.2-25.6,106.2-25.6V0H0v30.3c0,0,72,32.6,158.4,30.5c39.2-0.7,92.8-6.7,134-22.4\n\tc21.2-8.1,52.2-18.2,79.7-24.2C399.3,7.9,411.6,7.5,421.9,6.5z\"\/>\n<\/svg>\t\t<\/div>\n\t\t\t\t\t<div class=\"elementor-container elementor-column-gap-default\">\n\t\t\t\t\t<div class=\"elementor-column elementor-col-100 elementor-top-column elementor-element elementor-element-a326c2f\" data-id=\"a326c2f\" data-element_type=\"column\">\n\t\t\t<div class=\"elementor-widget-wrap elementor-element-populated\">\n\t\t\t\t\t\t<div class=\"elementor-element elementor-element-7eb33e7 elementor-widget elementor-widget-heading\" data-id=\"7eb33e7\" data-element_type=\"widget\" data-widget_type=\"heading.default\">\n\t\t\t\t<div class=\"elementor-widget-container\">\n\t\t\t\t\t<h2 class=\"elementor-heading-title elementor-size-default\">Satu Marjatta Massaly<\/h2>\t\t\t\t<\/div>\n\t\t\t\t<\/div>\n\t\t\t\t<div class=\"elementor-element elementor-element-3482428 elementor-widget elementor-widget-heading\" data-id=\"3482428\" data-element_type=\"widget\" data-widget_type=\"heading.default\">\n\t\t\t\t<div class=\"elementor-widget-container\">\n\t\t\t\t\t<h2 class=\"elementor-heading-title elementor-size-default\">Heilpraktikerin Psychotherapie und Paartherapeutin<\/h2>\t\t\t\t<\/div>\n\t\t\t\t<\/div>\n\t\t\t\t<div class=\"elementor-element elementor-element-845a89f elementor-widget-divider--view-line elementor-widget elementor-widget-divider\" data-id=\"845a89f\" data-element_type=\"widget\" data-widget_type=\"divider.default\">\n\t\t\t\t<div class=\"elementor-widget-container\">\n\t\t\t\t\t\t\t<div class=\"elementor-divider\">\n\t\t\t<span class=\"elementor-divider-separator\">\n\t\t\t\t\t\t<\/span>\n\t\t<\/div>\n\t\t\t\t\t\t<\/div>\n\t\t\t\t<\/div>\n\t\t\t\t<div class=\"elementor-element elementor-element-f289dc1 elementor-widget elementor-widget-testimonial\" data-id=\"f289dc1\" data-element_type=\"widget\" data-widget_type=\"testimonial.default\">\n\t\t\t\t<div class=\"elementor-widget-container\">\n\t\t\t\t\t\t\t<div class=\"elementor-testimonial-wrapper\">\n\t\t\t\t\t\t\t<div class=\"elementor-testimonial-content\">paar & einzelberatung\n\n<\/div>\n\t\t\t\n\t\t\t\t\t\t<div class=\"elementor-testimonial-meta elementor-has-image elementor-testimonial-image-position-aside\">\n\t\t\t\t<div class=\"elementor-testimonial-meta-inner\">\n\t\t\t\t\t\t\t\t\t\t\t<div class=\"elementor-testimonial-image\">\n\t\t\t\t\t\t\t<img decoding=\"async\" width=\"300\" height=\"300\" src=\"https:\/\/interkulturelle-paarberatung.koeln\/wp-content\/uploads\/2022\/06\/IMG_9423-footer-300x300.jpg\" class=\"attachment-medium size-medium wp-image-1277\" alt=\"\" srcset=\"https:\/\/interkulturelle-paarberatung.koeln\/wp-content\/uploads\/2022\/06\/IMG_9423-footer-300x300.jpg 300w, https:\/\/interkulturelle-paarberatung.koeln\/wp-content\/uploads\/2022\/06\/IMG_9423-footer-1024x1024.jpg 1024w, https:\/\/interkulturelle-paarberatung.koeln\/wp-content\/uploads\/2022\/06\/IMG_9423-footer-150x150.jpg 150w, https:\/\/interkulturelle-paarberatung.koeln\/wp-content\/uploads\/2022\/06\/IMG_9423-footer-768x768.jpg 768w, https:\/\/interkulturelle-paarberatung.koeln\/wp-content\/uploads\/2022\/06\/IMG_9423-footer-12x12.jpg 12w, https:\/\/interkulturelle-paarberatung.koeln\/wp-content\/uploads\/2022\/06\/IMG_9423-footer.jpg 1299w\" sizes=\"(max-width: 300px) 100vw, 300px\" \/>\t\t\t\t\t\t<\/div>\n\t\t\t\t\t\n\t\t\t\t\t\t\t\t\t<\/div>\n\t\t\t<\/div>\n\t\t\t\t\t<\/div>\n\t\t\t\t\t\t<\/div>\n\t\t\t\t<\/div>\n\t\t\t\t\t<\/div>\n\t\t<\/div>\n\t\t\t\t\t<\/div>\n\t\t<\/section>\n\t\t\t\t<\/div>\n\t\t","protected":false},"excerpt":{"rendered":"<p>Interkultureller Paarworkshop Ein gute Kommunikation ist das A und 0 einer gelungenen Beziehung Die Teilnahme am Workshop gibt&nbsp;Ihnen als Paar Zeit &amp; Anlass, miteinander ins Gespr\u00e4ch zu kommen. Sie sch\u00e4rfen ihre Aufmerksamkeit&nbsp; F\u00fcreinander, trainieren die Kunst des Zuh\u00f6rens und lassen sich auf einen Perspektivwechsel ein. Und: Durch moderierte Paar-\u00dcbungen wird ein anderer Blickwinkel auf die [&hellip;]<\/p>\n","protected":false},"author":1,"featured_media":0,"parent":0,"menu_order":0,"comment_status":"closed","ping_status":"closed","template":"","meta":{"_monsterinsights_skip_tracking":false,"_monsterinsights_sitenote_active":false,"_monsterinsights_sitenote_note":"","_monsterinsights_sitenote_category":0,"site-sidebar-layout":"no-sidebar","site-content-layout":"page-builder","ast-site-content-layout":"","site-content-style":"default","site-sidebar-style":"default","ast-global-header-display":"","ast-banner-title-visibility":"","ast-main-header-display":"","ast-hfb-above-header-display":"","ast-hfb-below-header-display":"","ast-hfb-mobile-header-display":"","site-post-title":"disabled","ast-breadcrumbs-content":"","ast-featured-img":"disabled","footer-sml-layout":"","theme-transparent-header-meta":"default","adv-header-id-meta":"","stick-header-meta":"","header-above-stick-meta":"","header-main-stick-meta":"","header-below-stick-meta":"","astra-migrate-meta-layouts":"default","ast-page-background-enabled":"default","ast-page-background-meta":{"desktop":{"background-color":"","background-image":"","background-repeat":"repeat","background-position":"center center","background-size":"auto","background-attachment":"scroll","background-type":"","background-media":"","overlay-type":"","overlay-color":"","overlay-opacity":"","overlay-gradient":""},"tablet":{"background-color":"","background-image":"","background-repeat":"repeat","background-position":"center center","background-size":"auto","background-attachment":"scroll","background-type":"","background-media":"","overlay-type":"","overlay-color":"","overlay-opacity":"","overlay-gradient":""},"mobile":{"background-color":"","background-image":"","background-repeat":"repeat","background-position":"center center","background-size":"auto","background-attachment":"scroll","background-type":"","background-media":"","overlay-type":"","overlay-color":"","overlay-opacity":"","overlay-gradient":""}},"ast-content-background-meta":{"desktop":{"background-color":"var(--ast-global-color-5)","background-image":"","background-repeat":"repeat","background-position":"center center","background-size":"auto","background-attachment":"scroll","background-type":"","background-media":"","overlay-type":"","overlay-color":"","overlay-opacity":"","overlay-gradient":""},"tablet":{"background-color":"var(--ast-global-color-5)","background-image":"","background-repeat":"repeat","background-position":"center center","background-size":"auto","background-attachment":"scroll","background-type":"","background-media":"","overlay-type":"","overlay-color":"","overlay-opacity":"","overlay-gradient":""},"mobile":{"background-color":"var(--ast-global-color-5)","background-image":"","background-repeat":"repeat","background-position":"center center","background-size":"auto","background-attachment":"scroll","background-type":"","background-media":"","overlay-type":"","overlay-color":"","overlay-opacity":"","overlay-gradient":""}},"footnotes":""},"class_list":["post-853","page","type-page","status-publish","hentry"],"aioseo_notices":[],"_links":{"self":[{"href":"http:\/\/interkulturelle-paarberatung.koeln\/de\/wp-json\/wp\/v2\/pages\/853","targetHints":{"allow":["GET"]}}],"collection":[{"href":"http:\/\/interkulturelle-paarberatung.koeln\/de\/wp-json\/wp\/v2\/pages"}],"about":[{"href":"http:\/\/interkulturelle-paarberatung.koeln\/de\/wp-json\/wp\/v2\/types\/page"}],"author":[{"embeddable":true,"href":"http:\/\/interkulturelle-paarberatung.koeln\/de\/wp-json\/wp\/v2\/users\/1"}],"replies":[{"embeddable":true,"href":"http:\/\/interkulturelle-paarberatung.koeln\/de\/wp-json\/wp\/v2\/comments?post=853"}],"version-history":[{"count":112,"href":"http:\/\/interkulturelle-paarberatung.koeln\/de\/wp-json\/wp\/v2\/pages\/853\/revisions"}],"predecessor-version":[{"id":1443,"href":"http:\/\/interkulturelle-paarberatung.koeln\/de\/wp-json\/wp\/v2\/pages\/853\/revisions\/1443"}],"wp:attachment":[{"href":"http:\/\/interkulturelle-paarberatung.koeln\/de\/wp-json\/wp\/v2\/media?parent=853"}],"curies":[{"name":"wp","href":"https:\/\/api.w.org\/{rel}","templated":true}]}}