{"id":535,"date":"2020-06-02T19:26:36","date_gmt":"2020-06-02T19:26:36","guid":{"rendered":"http:\/\/interkulturelle-paarberatung.koeln\/?page_id=535"},"modified":"2024-06-04T19:42:01","modified_gmt":"2024-06-04T19:42:01","slug":"kosten-kontakt","status":"publish","type":"page","link":"https:\/\/interkulturelle-paarberatung.koeln\/de\/kosten-kontakt\/","title":{"rendered":"Kosten &#038; Kontakt"},"content":{"rendered":"<style>\/*! elementor - v3.21.0 - 26-05-2024 *\/\n.elementor-column .elementor-spacer-inner{height:var(--spacer-size)}.e-con{--container-widget-width:100%}.e-con-inner>.elementor-widget-spacer,.e-con>.elementor-widget-spacer{width:var(--container-widget-width,var(--spacer-size));--align-self:var(--container-widget-align-self,initial);--flex-shrink:0}.e-con-inner>.elementor-widget-spacer>.elementor-widget-container,.e-con>.elementor-widget-spacer>.elementor-widget-container{height:100%;width:100%}.e-con-inner>.elementor-widget-spacer>.elementor-widget-container>.elementor-spacer,.e-con>.elementor-widget-spacer>.elementor-widget-container>.elementor-spacer{height:100%}.e-con-inner>.elementor-widget-spacer>.elementor-widget-container>.elementor-spacer>.elementor-spacer-inner,.e-con>.elementor-widget-spacer>.elementor-widget-container>.elementor-spacer>.elementor-spacer-inner{height:var(--container-widget-height,var(--spacer-size))}.e-con-inner>.elementor-widget-spacer.elementor-widget-empty,.e-con>.elementor-widget-spacer.elementor-widget-empty{position:relative;min-height:22px;min-width:22px}.e-con-inner>.elementor-widget-spacer.elementor-widget-empty .elementor-widget-empty-icon,.e-con>.elementor-widget-spacer.elementor-widget-empty .elementor-widget-empty-icon{position:absolute;top:0;bottom:0;left:0;right:0;margin:auto;padding:0;width:22px;height:22px}<\/style>\n<style>\/*! elementor - v3.21.0 - 26-05-2024 *\/\n.elementor-heading-title{padding:0;margin:0;line-height:1}.elementor-widget-heading .elementor-heading-title[class*=elementor-size-]>a{color:inherit;font-size:inherit;line-height:inherit}.elementor-widget-heading .elementor-heading-title.elementor-size-small{font-size:15px}.elementor-widget-heading .elementor-heading-title.elementor-size-medium{font-size:19px}.elementor-widget-heading .elementor-heading-title.elementor-size-large{font-size:29px}.elementor-widget-heading .elementor-heading-title.elementor-size-xl{font-size:39px}.elementor-widget-heading .elementor-heading-title.elementor-size-xxl{font-size:59px}<\/style>\n<h5>Kosten, Kontakt, Terminvereinbarung &amp; Netzwerk<\/h5>\n<h2><b>kosten<\/b><\/h2>\n<p><strong>Paarberatung<br \/><\/strong>Erstgespr\u00e4ch: 60 Minuten zu 90,00 Euro<br \/>60 Minuten zu 110,00 Euro<br \/>90 Minuten zu 150,00 Euro<\/p>\n<p><strong>Einzeltherapie<br \/><\/strong>Erstgespr\u00e4ch: 60 Minuten zu 70,00 Euro<br \/>60 Minuten zu 90,00 Euro<br \/>90 Minuten zu 110,00 Euro<\/p>\n<p><strong>Kontoverbindung<\/strong>&nbsp;<br \/>Satu Marjatta Massaly<br \/>IBAN: DE17 3704 0044 0183 0017 00<br \/>BIC: COBADEFFXXX<\/p>\n<h2 style=\"box-sizing: border-box; border: 0px; font-size: 28px; font-style: inherit; font-weight: var( --e-global-typography-primary-font-weight ); margin: 0px; outline: 0px; padding: 0px; vertical-align: baseline; clear: both; color: #000f2b; line-height: 1.3em; font-family: var( --e-global-typography-primary-font-family ), Arial; letter-spacing: 2.5px;\">kontakt<\/h2>\n<p style=\"box-sizing: border-box; border: 0px; font-size: 16px; font-style: inherit; font-weight: inherit; margin: 0px 0px 1.6em; outline: 0px; padding: 0px; vertical-align: baseline;\">Z<b>\u00fclpicher Str. 318,&nbsp;50937 K\u00f6ln<br \/>mobil 01522 9267514<br \/>satumassaly@online.de<\/b><\/p>\n<h2><b>terminvereinbarung<\/b><\/h2>\n<p><strong>Pers\u00f6nliche Sprechzeiten (Online-Termine)<br \/><\/strong>Montag 08:30 bis 19:00 Uhr (8:30 bis 18:00 Uhr)<br \/>Dienstag 08:30 bis 18:00 Uhr (8:30 bis 18:00 Uhr)<br \/>Mittwoch 15:00 bis 18:00 Uhr (8:30 bis 18:00 Uhr)<br \/>Freitag 15:00 bis 18:00 Uhr (8:30 bis 18:00 Uhr)<\/p>\n<p><strong>Beratung \u00fcber eine digitale Plattform <\/strong><strong>oder telefonisch<br \/><\/strong>Digitale Beratungen k\u00f6nnen eine Dauer von 30 bis 90 Minuten haben. Die Kosten unterscheiden sich nicht von der pers\u00f6nlichen Beratung vor Ort, siehe linke Spalte.<\/p>\n<p>Die Teilnehmer akzeptieren durch die Nutzung die jeweiligen gesetzlichen Rahmenbedingungen von den digitalen Plattformen, wie zum Beispiel Zoom oder Skype. Termine werden mit der Bitte um eine Vorauszahlung vereinbart.\u00a0<\/p>\n<style>\/*! elementor - v3.21.0 - 26-05-2024 *\/\n.elementor-widget-image{text-align:center}.elementor-widget-image a{display:inline-block}.elementor-widget-image a img[src$=\".svg\"]{width:48px}.elementor-widget-image img{vertical-align:middle;display:inline-block}<\/style>\n<p>\t\t\t\t\t\t\t\t\t\t<img fetchpriority=\"high\" decoding=\"async\" width=\"1024\" height=\"640\" src=\"https:\/\/interkulturelle-paarberatung.koeln\/wp-content\/uploads\/2020\/06\/tyler-lastovich-QiOzTcjU6GA-unsplash-1024x640.jpg\" alt=\"\" srcset=\"https:\/\/interkulturelle-paarberatung.koeln\/wp-content\/uploads\/2020\/06\/tyler-lastovich-QiOzTcjU6GA-unsplash-1024x640.jpg 1024w, https:\/\/interkulturelle-paarberatung.koeln\/wp-content\/uploads\/2020\/06\/tyler-lastovich-QiOzTcjU6GA-unsplash-300x188.jpg 300w, https:\/\/interkulturelle-paarberatung.koeln\/wp-content\/uploads\/2020\/06\/tyler-lastovich-QiOzTcjU6GA-unsplash-768x480.jpg 768w, https:\/\/interkulturelle-paarberatung.koeln\/wp-content\/uploads\/2020\/06\/tyler-lastovich-QiOzTcjU6GA-unsplash-1536x960.jpg 1536w, https:\/\/interkulturelle-paarberatung.koeln\/wp-content\/uploads\/2020\/06\/tyler-lastovich-QiOzTcjU6GA-unsplash-2048x1280.jpg 2048w\" sizes=\"(max-width: 1024px) 100vw, 1024px\" \/>\t\t\t\t\t\t\t\t\t\t\t\t\t<\/p>\n<p>&#8222;Das Leben besteht im Grunde aus zwei Alternativen:<br \/>Die Umst\u00e4nde so anzunehmen, wie sie sind \u2013<br \/>oder die Verantwortung daf\u00fcr zu \u00fcbernehmen,<br \/>die Umst\u00e4nde zu ver\u00e4ndern.&#8220;<\/p>\n<h3>\u2013 Denis Waitley \u2013<br \/>\n<\/h3>\n<h2>Netzwerk<\/h2>\n<p>\u00a0<\/p>\n<p>Verband binationaler Familien und Partnerschaften \u2013 iaf e.V.<\/p>\n<p><a href=\"http:\/\/www.verband-binationaler.de\/\" target=\"_top\" rel=\"noopener\">www.verband-binationaler.de<\/a><\/p>\n<p>\u00a0<\/p>\n<p>Rudolf Sanders Partnerschule &#8211;\u00a0Paar- und Sexualberatung im Integrativen Verfahren<\/p>\n<p><a title=\"http:\/\/partnerschule.eu\/\" href=\"http:\/\/partnerschule.eu\/\" target=\"_blank\" rel=\"noopener\">www.partnerschule.eu<\/a><\/p>\n<p>\u00a0<\/p>\n<p>Naturheilpraxis Frey \u2013 Hypnobirthing, Hypnomothering, Hypnose, Hom\u00f6opathie<\/p>\n<p><a title=\"https:\/\/www.naturpraxis-frey.de\/\" href=\"https:\/\/www.naturpraxis-frey.de\/\" target=\"_blank\" rel=\"noopener\">www.naturpraxis-frey.de\u00a0<\/a><\/p>\n<p>\u00a0<\/p>\n<p>Hebammenkollektiv K\u00f6lnBonn<\/p>\n<p><a href=\"https:\/\/www.hebammenkollektiv.de\">https:\/\/www.hebammenkollektiv.de<\/a><\/p>\n<p>\u00a0<\/p>\n<p>Gespr\u00e4chswert \u2013 Training. Text. Beratung. &#8211; Interkulturell<\/p>\n<p><a title=\"www.gespraechswert.de\" href=\"http:\/\/www.gespraechswert.de\/\" target=\"_blank\" rel=\"noopener\">www.gespraechswert.de<\/a><\/p>\n<h2>Satu Marjatta Massaly<\/h2>\n<h2>Heilpraktikerin Psychotherapie und Paartherapeutin<\/h2>\n<style>\/*! elementor - v3.21.0 - 26-05-2024 *\/\n.elementor-widget-divider{--divider-border-style:none;--divider-border-width:1px;--divider-color:#0c0d0e;--divider-icon-size:20px;--divider-element-spacing:10px;--divider-pattern-height:24px;--divider-pattern-size:20px;--divider-pattern-url:none;--divider-pattern-repeat:repeat-x}.elementor-widget-divider .elementor-divider{display:flex}.elementor-widget-divider .elementor-divider__text{font-size:15px;line-height:1;max-width:95%}.elementor-widget-divider .elementor-divider__element{margin:0 var(--divider-element-spacing);flex-shrink:0}.elementor-widget-divider .elementor-icon{font-size:var(--divider-icon-size)}.elementor-widget-divider .elementor-divider-separator{display:flex;margin:0;direction:ltr}.elementor-widget-divider--view-line_icon .elementor-divider-separator,.elementor-widget-divider--view-line_text .elementor-divider-separator{align-items:center}.elementor-widget-divider--view-line_icon .elementor-divider-separator:after,.elementor-widget-divider--view-line_icon .elementor-divider-separator:before,.elementor-widget-divider--view-line_text .elementor-divider-separator:after,.elementor-widget-divider--view-line_text .elementor-divider-separator:before{display:block;content:\"\";border-block-end:0;flex-grow:1;border-block-start:var(--divider-border-width) var(--divider-border-style) var(--divider-color)}.elementor-widget-divider--element-align-left .elementor-divider .elementor-divider-separator>.elementor-divider__svg:first-of-type{flex-grow:0;flex-shrink:100}.elementor-widget-divider--element-align-left .elementor-divider-separator:before{content:none}.elementor-widget-divider--element-align-left .elementor-divider__element{margin-left:0}.elementor-widget-divider--element-align-right .elementor-divider .elementor-divider-separator>.elementor-divider__svg:last-of-type{flex-grow:0;flex-shrink:100}.elementor-widget-divider--element-align-right .elementor-divider-separator:after{content:none}.elementor-widget-divider--element-align-right .elementor-divider__element{margin-right:0}.elementor-widget-divider--element-align-start .elementor-divider .elementor-divider-separator>.elementor-divider__svg:first-of-type{flex-grow:0;flex-shrink:100}.elementor-widget-divider--element-align-start .elementor-divider-separator:before{content:none}.elementor-widget-divider--element-align-start .elementor-divider__element{margin-inline-start:0}.elementor-widget-divider--element-align-end .elementor-divider .elementor-divider-separator>.elementor-divider__svg:last-of-type{flex-grow:0;flex-shrink:100}.elementor-widget-divider--element-align-end .elementor-divider-separator:after{content:none}.elementor-widget-divider--element-align-end .elementor-divider__element{margin-inline-end:0}.elementor-widget-divider:not(.elementor-widget-divider--view-line_text):not(.elementor-widget-divider--view-line_icon) .elementor-divider-separator{border-block-start:var(--divider-border-width) var(--divider-border-style) var(--divider-color)}.elementor-widget-divider--separator-type-pattern{--divider-border-style:none}.elementor-widget-divider--separator-type-pattern.elementor-widget-divider--view-line .elementor-divider-separator,.elementor-widget-divider--separator-type-pattern:not(.elementor-widget-divider--view-line) .elementor-divider-separator:after,.elementor-widget-divider--separator-type-pattern:not(.elementor-widget-divider--view-line) .elementor-divider-separator:before,.elementor-widget-divider--separator-type-pattern:not([class*=elementor-widget-divider--view]) .elementor-divider-separator{width:100%;min-height:var(--divider-pattern-height);-webkit-mask-size:var(--divider-pattern-size) 100%;mask-size:var(--divider-pattern-size) 100%;-webkit-mask-repeat:var(--divider-pattern-repeat);mask-repeat:var(--divider-pattern-repeat);background-color:var(--divider-color);-webkit-mask-image:var(--divider-pattern-url);mask-image:var(--divider-pattern-url)}.elementor-widget-divider--no-spacing{--divider-pattern-size:auto}.elementor-widget-divider--bg-round{--divider-pattern-repeat:round}.rtl .elementor-widget-divider .elementor-divider__text{direction:rtl}.e-con-inner>.elementor-widget-divider,.e-con>.elementor-widget-divider{width:var(--container-widget-width,100%);--flex-grow:var(--container-widget-flex-grow)}<\/style>\n<style>\/*! elementor - v3.21.0 - 26-05-2024 *\/\n.elementor-testimonial-wrapper{overflow:hidden;text-align:center}.elementor-testimonial-wrapper .elementor-testimonial-content{font-size:1.3em;margin-bottom:20px}.elementor-testimonial-wrapper .elementor-testimonial-name{line-height:1.5;display:block}.elementor-testimonial-wrapper .elementor-testimonial-job{font-size:.85em;display:block}.elementor-testimonial-wrapper .elementor-testimonial-meta{width:100%;line-height:1}.elementor-testimonial-wrapper .elementor-testimonial-meta-inner{display:inline-block}.elementor-testimonial-wrapper .elementor-testimonial-meta .elementor-testimonial-details,.elementor-testimonial-wrapper .elementor-testimonial-meta .elementor-testimonial-image{display:table-cell;vertical-align:middle}.elementor-testimonial-wrapper .elementor-testimonial-meta .elementor-testimonial-image img{width:60px;height:60px;border-radius:50%;-o-object-fit:cover;object-fit:cover;max-width:none}.elementor-testimonial-wrapper .elementor-testimonial-meta.elementor-testimonial-image-position-aside .elementor-testimonial-image{padding-inline-end:15px}.elementor-testimonial-wrapper .elementor-testimonial-meta.elementor-testimonial-image-position-aside .elementor-testimonial-details{text-align:start}.elementor-testimonial-wrapper .elementor-testimonial-meta.elementor-testimonial-image-position-top .elementor-testimonial-details,.elementor-testimonial-wrapper .elementor-testimonial-meta.elementor-testimonial-image-position-top .elementor-testimonial-image{display:block}.elementor-testimonial-wrapper .elementor-testimonial-meta.elementor-testimonial-image-position-top .elementor-testimonial-image{margin-bottom:20px}<\/style>\n<p>\t\t\t\t\t\t\tTermin \u2022 Call me \u2022 Aikavaraus: <br \/>+49 (0)1522 9267514 \u2022 satumassaly@online.de<br \/>\n\t\t\t\t\t\t\t<img decoding=\"async\" width=\"300\" height=\"300\" src=\"https:\/\/interkulturelle-paarberatung.koeln\/wp-content\/uploads\/2022\/06\/IMG_9423-footer-300x300.jpg\" alt=\"\" \/><\/p>\n","protected":false},"excerpt":{"rendered":"<p>Kosten, Kontakt, Terminvereinbarung &amp; Netzwerk kosten PaarberatungErstgespr\u00e4ch: 60 Minuten zu 90,00 Euro60 Minuten zu 110,00 Euro90 Minuten zu 150,00 Euro EinzeltherapieErstgespr\u00e4ch: 60 Minuten zu 70,00 Euro60 Minuten zu 90,00 Euro90 Minuten zu 110,00 Euro Kontoverbindung&nbsp;Satu Marjatta MassalyIBAN: DE17 3704 0044 0183 0017 00BIC: COBADEFFXXX kontakt Z\u00fclpicher Str. 318,&nbsp;50937 K\u00f6lnmobil 01522 9267514satumassaly@online.de terminvereinbarung Pers\u00f6nliche Sprechzeiten (Online-Termine)Montag [&hellip;]<\/p>\n","protected":false},"author":1,"featured_media":0,"parent":0,"menu_order":0,"comment_status":"closed","ping_status":"closed","template":"","meta":{"_monsterinsights_skip_tracking":false,"_monsterinsights_sitenote_active":false,"_monsterinsights_sitenote_note":"","_monsterinsights_sitenote_category":0,"site-sidebar-layout":"no-sidebar","site-content-layout":"page-builder","ast-site-content-layout":"full-width-container","site-content-style":"unboxed","site-sidebar-style":"unboxed","ast-global-header-display":"","ast-banner-title-visibility":"","ast-main-header-display":"","ast-hfb-above-header-display":"","ast-hfb-below-header-display":"","ast-hfb-mobile-header-display":"","site-post-title":"disabled","ast-breadcrumbs-content":"","ast-featured-img":"disabled","footer-sml-layout":"","theme-transparent-header-meta":"default","adv-header-id-meta":"","stick-header-meta":"","header-above-stick-meta":"","header-main-stick-meta":"","header-below-stick-meta":"","astra-migrate-meta-layouts":"set","ast-page-background-enabled":"default","ast-page-background-meta":{"desktop":{"background-color":"","background-image":"","background-repeat":"repeat","background-position":"center center","background-size":"auto","background-attachment":"scroll","background-type":"","background-media":"","overlay-type":"","overlay-color":"","overlay-opacity":"","overlay-gradient":""},"tablet":{"background-color":"","background-image":"","background-repeat":"repeat","background-position":"center center","background-size":"auto","background-attachment":"scroll","background-type":"","background-media":"","overlay-type":"","overlay-color":"","overlay-opacity":"","overlay-gradient":""},"mobile":{"background-color":"","background-image":"","background-repeat":"repeat","background-position":"center center","background-size":"auto","background-attachment":"scroll","background-type":"","background-media":"","overlay-type":"","overlay-color":"","overlay-opacity":"","overlay-gradient":""}},"ast-content-background-meta":{"desktop":{"background-color":"var(--ast-global-color-5)","background-image":"","background-repeat":"repeat","background-position":"center center","background-size":"auto","background-attachment":"scroll","background-type":"","background-media":"","overlay-type":"","overlay-color":"","overlay-opacity":"","overlay-gradient":""},"tablet":{"background-color":"var(--ast-global-color-5)","background-image":"","background-repeat":"repeat","background-position":"center center","background-size":"auto","background-attachment":"scroll","background-type":"","background-media":"","overlay-type":"","overlay-color":"","overlay-opacity":"","overlay-gradient":""},"mobile":{"background-color":"var(--ast-global-color-5)","background-image":"","background-repeat":"repeat","background-position":"center center","background-size":"auto","background-attachment":"scroll","background-type":"","background-media":"","overlay-type":"","overlay-color":"","overlay-opacity":"","overlay-gradient":""}},"footnotes":""},"class_list":["post-535","page","type-page","status-publish","hentry"],"aioseo_notices":[],"_links":{"self":[{"href":"https:\/\/interkulturelle-paarberatung.koeln\/de\/wp-json\/wp\/v2\/pages\/535","targetHints":{"allow":["GET"]}}],"collection":[{"href":"https:\/\/interkulturelle-paarberatung.koeln\/de\/wp-json\/wp\/v2\/pages"}],"about":[{"href":"https:\/\/interkulturelle-paarberatung.koeln\/de\/wp-json\/wp\/v2\/types\/page"}],"author":[{"embeddable":true,"href":"https:\/\/interkulturelle-paarberatung.koeln\/de\/wp-json\/wp\/v2\/users\/1"}],"replies":[{"embeddable":true,"href":"https:\/\/interkulturelle-paarberatung.koeln\/de\/wp-json\/wp\/v2\/comments?post=535"}],"version-history":[{"count":205,"href":"https:\/\/interkulturelle-paarberatung.koeln\/de\/wp-json\/wp\/v2\/pages\/535\/revisions"}],"predecessor-version":[{"id":1524,"href":"https:\/\/interkulturelle-paarberatung.koeln\/de\/wp-json\/wp\/v2\/pages\/535\/revisions\/1524"}],"wp:attachment":[{"href":"https:\/\/interkulturelle-paarberatung.koeln\/de\/wp-json\/wp\/v2\/media?parent=535"}],"curies":[{"name":"wp","href":"https:\/\/api.w.org\/{rel}","templated":true}]}}